{"id":4115,"date":"2025-10-21T13:08:21","date_gmt":"2025-10-21T11:08:21","guid":{"rendered":"https:\/\/koykan.com\/?page_id=4115"},"modified":"2025-10-21T13:08:22","modified_gmt":"2025-10-21T11:08:22","slug":"forms-test","status":"publish","type":"page","link":"https:\/\/koykan.com\/sk\/forms-test\/","title":{"rendered":"Forms Test"},"content":{"rendered":"<div class=\"wp-block-contact-form-7-contact-form-selector\">\n<div class=\"wpcf7 no-js\" id=\"wpcf7-f4114-o1\" lang=\"en-US\" dir=\"ltr\" data-wpcf7-id=\"4114\">\n<div class=\"screen-reader-response\"><p role=\"status\" aria-live=\"polite\" aria-atomic=\"true\"><\/p> <ul><\/ul><\/div>\n<form action=\"\/sk\/wp-json\/wp\/v2\/pages\/4115#wpcf7-f4114-o1\" method=\"post\" class=\"wpcf7-form init\" aria-label=\"Contact form\" novalidate=\"novalidate\" data-status=\"init\" data-trp-original-action=\"\/sk\/wp-json\/wp\/v2\/pages\/4115#wpcf7-f4114-o1\">\n<fieldset class=\"hidden-fields-container\"><input type=\"hidden\" name=\"_wpcf7\" value=\"4114\" \/><input type=\"hidden\" name=\"_wpcf7_version\" value=\"6.1.5\" \/><input type=\"hidden\" name=\"_wpcf7_locale\" value=\"en_US\" \/><input type=\"hidden\" name=\"_wpcf7_unit_tag\" value=\"wpcf7-f4114-o1\" \/><input type=\"hidden\" name=\"_wpcf7_container_post\" value=\"0\" \/><input type=\"hidden\" name=\"_wpcf7_posted_data_hash\" value=\"\" \/><input type=\"hidden\" name=\"_wpcf7cf_hidden_group_fields\" value=\"[]\" \/><input type=\"hidden\" name=\"_wpcf7cf_hidden_groups\" value=\"[]\" \/><input type=\"hidden\" name=\"_wpcf7cf_visible_groups\" value=\"[]\" \/><input type=\"hidden\" name=\"_wpcf7cf_repeaters\" value=\"[]\" \/><input type=\"hidden\" name=\"_wpcf7cf_steps\" value=\"{}\" \/><input type=\"hidden\" name=\"_wpcf7cf_options\" value=\"{&quot;form_id&quot;:4114,&quot;conditions&quot;:[],&quot;settings&quot;:{&quot;animation&quot;:&quot;yes&quot;,&quot;animation_intime&quot;:&quot;200&quot;,&quot;animation_outtime&quot;:&quot;200&quot;,&quot;conditions_ui&quot;:&quot;normal&quot;,&quot;notice_dismissed&quot;:&quot;&quot;}}\" \/><input type=\"hidden\" name=\"_uacf7_hidden_conditional_fields\" value=\"\" \/>\n<\/fieldset>\n<div class=\"uacf7-form-wrapper-container uacf7-form-4114\"><div class=\"koykan-form\">\n  <h3>Kontaktujte n\u00e1\u0161 fran\u0161\u00edzov\u00fd t\u00edm<\/h3>\n  <p>Bez z\u00e1v\u00e4zkov, bez tlaku! Po odoslan\u00ed formul\u00e1ra v\u00e1s n\u00e1\u0161 t\u00edm \u010do najsk\u00f4r kontaktuje, aby si dohodol kr\u00e1tky \u00favodn\u00fd hovor a pomohol v\u00e1m zisti\u0165, \u010di je pre v\u00e1s Koykan tou spr\u00e1vnou vo\u013ebou.<\/p>\n\n  <br>\n\n  <label>Cel\u00e9 meno *<\/label><br>\n  <span class=\"wpcf7-form-control-wrap\" data-name=\"fullname\"><input size=\"40\" maxlength=\"400\" class=\"wpcf7-form-control wpcf7-text wpcf7-validates-as-required\" aria-required=\"true\" aria-invalid=\"false\" value=\"\" type=\"text\" name=\"fullname\" \/><\/span>\n\n  <label>E-mail *<\/label><br>\n  <span class=\"wpcf7-form-control-wrap\" data-name=\"email\"><input size=\"40\" maxlength=\"400\" class=\"wpcf7-form-control wpcf7-email wpcf7-validates-as-required wpcf7-text wpcf7-validates-as-email\" aria-required=\"true\" aria-invalid=\"false\" value=\"\" type=\"email\" name=\"email\" \/><\/span>\n\n  <label>Telef\u00f3nne \u010d\u00edslo *<\/label><br>\n  <span class=\"wpcf7-form-control-wrap mobile\"><input class=\"wpcf7-form-control wpcf7-intl_tel wpcf7-validates-as-required wpcf7-intl-tel\" aria-required=\"true\" aria-invalid=\"false\" data-initialcountry=\"HR\" value=\"\" type=\"tel\" name=\"mobile-cf7it-national\" \/><input name=\"mobile\" type=\"hidden\" class=\"wpcf7-intl-tel-full\" \/><input type=\"hidden\" name=\"mobile-cf7it-country-name\" class=\"wpcf7-intl-tel-country-name\" \/><input type=\"hidden\" name=\"mobile-cf7it-country-code\" class=\"wpcf7-intl-tel-country-code\" \/><input type=\"hidden\" name=\"mobile-cf7it-country-iso2\" class=\"wpcf7-intl-tel-country-iso2\" \/><\/span>\n\n  <label>Krajina, o ktor\u00fa m\u00e1te z\u00e1ujem *<\/label><br>\n<span class=\"wpcf7-form-control-wrap\" data-name=\"country\"><select class=\"wpcf7-form-control wpcf7-select wpcf7-validates-as-required\" aria-required=\"true\" aria-invalid=\"false\" name=\"country\"><option value=\"\">&#8212;Please choose an option&#8212;<\/option><option value=\"Chorv\u00e1tsko\">Chorv\u00e1tsko<\/option><option value=\"Nemecko\">Nemecko<\/option><option value=\"Rak\u00fasko\">Rak\u00fasko<\/option><option value=\"\u010cesko\">\u010cesko<\/option><option value=\"Slovensko\">Slovensko<\/option><option value=\"Slovinsko\">Slovinsko<\/option><option value=\"Ma\u010farsko\">Ma\u010farsko<\/option><\/select><\/span>\n  <label>Mesto, o ktor\u00e9 m\u00e1te z\u00e1ujem *<\/label><br>\n  <span class=\"wpcf7-form-control-wrap\" data-name=\"city-location\"><input size=\"40\" maxlength=\"400\" class=\"wpcf7-form-control wpcf7-text wpcf7-validates-as-required\" aria-required=\"true\" aria-invalid=\"false\" value=\"\" type=\"text\" name=\"city-location\" \/><\/span>\n\n  <br>\n\n  <p class=\"form-paragraph\">\n    Som si vedom\u00fd\/\u00e1, \u017ee vstup do fran\u0161\u00edzy Koykan vy\u017eaduje minim\u00e1lnu invest\u00edciu od 70 000 \u20ac (s mo\u017enos\u0165ou spolufinancovania).\n  <\/p>\n  <span class=\"wpcf7-form-control-wrap\" data-name=\"capital-confirmation\"><span class=\"wpcf7-form-control wpcf7-checkbox wpcf7-validates-as-required\"><span class=\"wpcf7-list-item first last\"><label><input type=\"checkbox\" name=\"capital-confirmation[]\" value=\"\u00c1no, som si toho vedom\u00fd\/\u00e1 a potvrdzujem.\" \/><span class=\"wpcf7-list-item-label\">\u00c1no, som si toho vedom\u00fd\/\u00e1 a potvrdzujem.<\/span><\/label><\/span><\/span><\/span>\n\n  <p class=\"form-paragraph\" style=\"margin-top:10px;\">\n    Odoslan\u00edm tohto formul\u00e1ra s\u00fahlas\u00edte so spracovan\u00edm va\u0161ich \u00fadajov v s\u00falade s na\u0161imi <a href=\"https:\/\/koykan.com\/sk\/privacy-policy\/\" target=\"_blank\" rel=\"noopener\">Z\u00e1sadami ochrany osobn\u00fdch \u00fadajov<\/a>.\n  <\/p>\n\n  <br>\n  <input class=\"wpcf7-form-control wpcf7-submit has-spinner\" type=\"submit\" value=\"Kontaktova\u0165 n\u00e1s\" \/>\n\n  <p style=\"font-size: 14px; color: #666; margin-top: 8px;\">\n    A pridajte sa k rast\u00facej sieti podnikate\u013eov, ktor\u00ed s Koykan buduj\u00fa \u00faspe\u0161n\u00e9 podniky po celej Eur\u00f3pe.\n  <\/p>\n<\/div><\/div><p style=\"display: none !important;\" class=\"akismet-fields-container\" data-prefix=\"_wpcf7_ak_\"><label>&#916;<textarea name=\"_wpcf7_ak_hp_textarea\" cols=\"45\" rows=\"8\" maxlength=\"100\"><\/textarea><\/label><input type=\"hidden\" id=\"ak_js_1\" name=\"_wpcf7_ak_js\" value=\"121\"\/><script>document.getElementById( \"ak_js_1\" ).setAttribute( \"value\", ( new Date() ).getTime() );<\/script><\/p><div class=\"wpcf7-response-output\" aria-hidden=\"true\"><\/div>\n<input type=\"hidden\" name=\"trp-form-language\" value=\"sk\"\/><\/form>\n<\/div>\n<\/div>\n\n\n\n<p><\/p>","protected":false},"excerpt":{"rendered":"","protected":false},"author":1,"featured_media":0,"parent":0,"menu_order":0,"comment_status":"closed","ping_status":"closed","template":"","meta":{"site-sidebar-layout":"default","site-content-layout":"","ast-site-content-layout":"default","site-content-style":"default","site-sidebar-style":"default","ast-global-header-display":"","ast-banner-title-visibility":"","ast-main-header-display":"","ast-hfb-above-header-display":"","ast-hfb-below-header-display":"","ast-hfb-mobile-header-display":"","site-post-title":"","ast-breadcrumbs-content":"","ast-featured-img":"","footer-sml-layout":"","theme-transparent-header-meta":"","adv-header-id-meta":"","stick-header-meta":"","header-above-stick-meta":"","header-main-stick-meta":"","header-below-stick-meta":"","astra-migrate-meta-layouts":"default","ast-page-background-enabled":"default","ast-page-background-meta":{"desktop":{"background-color":"var(--ast-global-color-5)","background-image":"","background-repeat":"repeat","background-position":"center center","background-size":"auto","background-attachment":"scroll","background-type":"","background-media":"","overlay-type":"","overlay-color":"","overlay-opacity":"","overlay-gradient":""},"tablet":{"background-color":"","background-image":"","background-repeat":"repeat","background-position":"center center","background-size":"auto","background-attachment":"scroll","background-type":"","background-media":"","overlay-type":"","overlay-color":"","overlay-opacity":"","overlay-gradient":""},"mobile":{"background-color":"","background-image":"","background-repeat":"repeat","background-position":"center center","background-size":"auto","background-attachment":"scroll","background-type":"","background-media":"","overlay-type":"","overlay-color":"","overlay-opacity":"","overlay-gradient":""}},"ast-content-background-meta":{"desktop":{"background-color":"var(--ast-global-color-4)","background-image":"","background-repeat":"repeat","background-position":"center center","background-size":"auto","background-attachment":"scroll","background-type":"","background-media":"","overlay-type":"","overlay-color":"","overlay-opacity":"","overlay-gradient":""},"tablet":{"background-color":"var(--ast-global-color-4)","background-image":"","background-repeat":"repeat","background-position":"center center","background-size":"auto","background-attachment":"scroll","background-type":"","background-media":"","overlay-type":"","overlay-color":"","overlay-opacity":"","overlay-gradient":""},"mobile":{"background-color":"var(--ast-global-color-4)","background-image":"","background-repeat":"repeat","background-position":"center center","background-size":"auto","background-attachment":"scroll","background-type":"","background-media":"","overlay-type":"","overlay-color":"","overlay-opacity":"","overlay-gradient":""}},"footnotes":""},"class_list":["post-4115","page","type-page","status-publish","hentry"],"_links":{"self":[{"href":"https:\/\/koykan.com\/sk\/wp-json\/wp\/v2\/pages\/4115","targetHints":{"allow":["GET"]}}],"collection":[{"href":"https:\/\/koykan.com\/sk\/wp-json\/wp\/v2\/pages"}],"about":[{"href":"https:\/\/koykan.com\/sk\/wp-json\/wp\/v2\/types\/page"}],"author":[{"embeddable":true,"href":"https:\/\/koykan.com\/sk\/wp-json\/wp\/v2\/users\/1"}],"replies":[{"embeddable":true,"href":"https:\/\/koykan.com\/sk\/wp-json\/wp\/v2\/comments?post=4115"}],"version-history":[{"count":2,"href":"https:\/\/koykan.com\/sk\/wp-json\/wp\/v2\/pages\/4115\/revisions"}],"predecessor-version":[{"id":4117,"href":"https:\/\/koykan.com\/sk\/wp-json\/wp\/v2\/pages\/4115\/revisions\/4117"}],"wp:attachment":[{"href":"https:\/\/koykan.com\/sk\/wp-json\/wp\/v2\/media?parent=4115"}],"curies":[{"name":"wp","href":"https:\/\/api.w.org\/{rel}","templated":true}]}}