{"id":4534,"date":"2025-11-05T16:04:45","date_gmt":"2025-11-05T14:04:45","guid":{"rendered":"https:\/\/koykan.com\/?page_id=4534"},"modified":"2025-11-11T17:49:25","modified_gmt":"2025-11-11T15:49:25","slug":"franchise-form-sk","status":"publish","type":"page","link":"https:\/\/koykan.com\/hr\/franchise-form-sk\/","title":{"rendered":"Franchise Form &#8211; SK"},"content":{"rendered":"\t\t<div data-elementor-type=\"wp-page\" data-elementor-id=\"4534\" class=\"elementor elementor-4534\">\n\t\t\t\t\t\t<section class=\"elementor-section elementor-top-section elementor-element elementor-element-239cfd1 elementor-section-boxed elementor-section-height-default elementor-section-height-default\" data-id=\"239cfd1\" data-element_type=\"section\" data-e-type=\"section\" data-settings=\"{&quot;background_background&quot;:&quot;classic&quot;}\">\n\t\t\t\t\t\t<div class=\"elementor-container elementor-column-gap-default\">\n\t\t\t\t\t<div class=\"elementor-column elementor-col-100 elementor-top-column elementor-element elementor-element-c593571\" data-id=\"c593571\" data-element_type=\"column\" data-e-type=\"column\">\n\t\t\t<div class=\"elementor-widget-wrap elementor-element-populated\">\n\t\t\t\t\t\t<div class=\"elementor-element elementor-element-fc50379 elementor-widget elementor-widget-spacer\" data-id=\"fc50379\" data-element_type=\"widget\" data-e-type=\"widget\" data-widget_type=\"spacer.default\">\n\t\t\t\t\t\t\t<div class=\"elementor-spacer\">\n\t\t\t<div class=\"elementor-spacer-inner\"><\/div>\n\t\t<\/div>\n\t\t\t\t\t\t<\/div>\n\t\t\t\t\t<\/div>\n\t\t<\/div>\n\t\t\t\t\t<\/div>\n\t\t<\/section>\n\t\t\t\t<section class=\"elementor-section elementor-top-section elementor-element elementor-element-9232695 elementor-section-boxed elementor-section-height-default elementor-section-height-default\" data-id=\"9232695\" data-element_type=\"section\" data-e-type=\"section\">\n\t\t\t\t\t\t<div class=\"elementor-container elementor-column-gap-default\">\n\t\t\t\t\t<div class=\"elementor-column elementor-col-100 elementor-top-column elementor-element elementor-element-05f3c39\" data-id=\"05f3c39\" data-element_type=\"column\" data-e-type=\"column\">\n\t\t\t<div class=\"elementor-widget-wrap elementor-element-populated\">\n\t\t\t\t\t\t<div class=\"elementor-element elementor-element-699ef87 eael-contact-form-7-button-full-width elementor-widget elementor-widget-eael-contact-form-7\" data-id=\"699ef87\" data-element_type=\"widget\" data-e-type=\"widget\" data-widget_type=\"eael-contact-form-7.default\">\n\t\t\t\t\t<div class=\"eael-contact-form-7-wrapper\">\n                <div class=\"eael-contact-form eael-contact-form-7 eael-contact-form-699ef87 placeholder-show eael-contact-form-align-default\">\n<div class=\"wpcf7 no-js\" id=\"wpcf7-f4114-o1\" lang=\"en-US\" dir=\"ltr\" data-wpcf7-id=\"4114\">\n<div class=\"screen-reader-response\"><p role=\"status\" aria-live=\"polite\" aria-atomic=\"true\"><\/p> <ul><\/ul><\/div>\n<form action=\"\/hr\/wp-json\/wp\/v2\/pages\/4534#wpcf7-f4114-o1\" method=\"post\" class=\"wpcf7-form init\" aria-label=\"Contact form\" novalidate=\"novalidate\" data-status=\"init\">\n<fieldset class=\"hidden-fields-container\"><input type=\"hidden\" name=\"_wpcf7\" value=\"4114\" \/><input type=\"hidden\" name=\"_wpcf7_version\" value=\"6.1.5\" \/><input type=\"hidden\" name=\"_wpcf7_locale\" value=\"en_US\" \/><input type=\"hidden\" name=\"_wpcf7_unit_tag\" value=\"wpcf7-f4114-o1\" \/><input type=\"hidden\" name=\"_wpcf7_container_post\" value=\"0\" \/><input type=\"hidden\" name=\"_wpcf7_posted_data_hash\" value=\"\" \/><input type=\"hidden\" name=\"_cf_logic\" value=\"\" \/><input type=\"hidden\" name=\"_yeeaddons_nonce\" value=\"523da072c8\" \/><input type=\"hidden\" name=\"_uacf7_hidden_conditional_fields\" value=\"\" \/>\n<\/fieldset>\n<div class=\"uacf7-form-wrapper-container uacf7-form-4114  \"><div class=\"koykan-form\">\n  <h3>Kontaktujte n\u00e1\u0161 fran\u0161\u00edzov\u00fd t\u00edm<\/h3>\n  <p>Bez z\u00e1v\u00e4zkov, bez tlaku! Po odoslan\u00ed formul\u00e1ra v\u00e1s n\u00e1\u0161 t\u00edm \u010do najsk\u00f4r kontaktuje, aby si dohodol kr\u00e1tky \u00favodn\u00fd hovor a pomohol v\u00e1m zisti\u0165, \u010di je pre v\u00e1s Koykan tou spr\u00e1vnou vo\u013ebou.<\/p>\n\n  <br>\n\n  <label>Cel\u00e9 meno *<\/label><br>\n  <span class=\"wpcf7-form-control-wrap\" data-name=\"fullname\"><input size=\"40\" maxlength=\"400\" class=\"wpcf7-form-control wpcf7-text wpcf7-validates-as-required\" aria-required=\"true\" aria-invalid=\"false\" value=\"\" type=\"text\" name=\"fullname\" \/><\/span>\n\n  <label>E-mail *<\/label><br>\n  <span class=\"wpcf7-form-control-wrap\" data-name=\"email\"><input size=\"40\" maxlength=\"400\" class=\"wpcf7-form-control wpcf7-email wpcf7-validates-as-required wpcf7-text wpcf7-validates-as-email\" aria-required=\"true\" aria-invalid=\"false\" value=\"\" type=\"email\" name=\"email\" \/><\/span>\n\n  <label>Telef\u00f3nne \u010d\u00edslo *<\/label><br>\n  <span class=\"wpcf7-form-control-wrap mobile\"><input class=\"wpcf7-form-control wpcf7-intl_tel wpcf7-validates-as-required wpcf7-intl-tel\" aria-required=\"true\" aria-invalid=\"false\" data-initialcountry=\"HR\" value=\"\" type=\"tel\" name=\"mobile-cf7it-national\" \/><input name=\"mobile\" type=\"hidden\" class=\"wpcf7-intl-tel-full\" \/><input type=\"hidden\" name=\"mobile-cf7it-country-name\" class=\"wpcf7-intl-tel-country-name\" \/><input type=\"hidden\" name=\"mobile-cf7it-country-code\" class=\"wpcf7-intl-tel-country-code\" \/><input type=\"hidden\" name=\"mobile-cf7it-country-iso2\" class=\"wpcf7-intl-tel-country-iso2\" \/><\/span>\n\n  <label>Krajina, o ktor\u00fa m\u00e1te z\u00e1ujem *<\/label><br>\n<span class=\"wpcf7-form-control-wrap\" data-name=\"country\"><select class=\"wpcf7-form-control wpcf7-select wpcf7-validates-as-required\" aria-required=\"true\" aria-invalid=\"false\" name=\"country\"><option value=\"\">&#8212;Please choose an option&#8212;<\/option><option value=\"Chorv\u00e1tsko\">Chorv\u00e1tsko<\/option><option value=\"Nemecko\">Nemecko<\/option><option value=\"Rak\u00fasko\">Rak\u00fasko<\/option><option value=\"\u010cesko\">\u010cesko<\/option><option value=\"Slovensko\">Slovensko<\/option><option value=\"Slovinsko\">Slovinsko<\/option><option value=\"Ma\u010farsko\">Ma\u010farsko<\/option><\/select><\/span>\n  <label>Mesto, o ktor\u00e9 m\u00e1te z\u00e1ujem *<\/label><br>\n  <span class=\"wpcf7-form-control-wrap\" data-name=\"city-location\"><input size=\"40\" maxlength=\"400\" class=\"wpcf7-form-control wpcf7-text wpcf7-validates-as-required\" aria-required=\"true\" aria-invalid=\"false\" value=\"\" type=\"text\" name=\"city-location\" \/><\/span>\n\n  <br>\n\n  <p class=\"form-paragraph\">\n    Som si vedom\u00fd\/\u00e1, \u017ee vstup do fran\u0161\u00edzy Koykan vy\u017eaduje minim\u00e1lnu invest\u00edciu od 70 000 \u20ac (s mo\u017enos\u0165ou spolufinancovania).\n  <\/p>\n  <span class=\"wpcf7-form-control-wrap\" data-name=\"capital-confirmation\"><span class=\"wpcf7-form-control wpcf7-checkbox wpcf7-validates-as-required\"><span class=\"wpcf7-list-item first last\"><label><input type=\"checkbox\" name=\"capital-confirmation[]\" value=\"\u00c1no, som si toho vedom\u00fd\/\u00e1 a potvrdzujem.\" \/><span class=\"wpcf7-list-item-label\">\u00c1no, som si toho vedom\u00fd\/\u00e1 a potvrdzujem.<\/span><\/label><\/span><\/span><\/span>\n\n  <p class=\"form-paragraph\" style=\"margin-top:10px;\">\n    Odoslan\u00edm tohto formul\u00e1ra s\u00fahlas\u00edte so spracovan\u00edm va\u0161ich \u00fadajov v s\u00falade s na\u0161imi <a href=\"https:\/\/www.koykan.com\/privacy-policy\/\" target=\"_blank\" rel=\"noopener\">Z\u00e1sadami ochrany osobn\u00fdch \u00fadajov<\/a>.\n  <\/p>\n\n  <br>\n  <input class=\"wpcf7-form-control wpcf7-submit has-spinner\" type=\"submit\" value=\"Kontaktova\u0165 n\u00e1s\" \/>\n\n  <p style=\"font-size: 14px; color: #666; margin-top: 8px;\">\n    A pridajte sa k rast\u00facej sieti podnikate\u013eov, ktor\u00ed s Koykan buduj\u00fa \u00faspe\u0161n\u00e9 podniky po celej Eur\u00f3pe.\n  <\/p>\n<\/div><\/div><p style=\"display: none !important;\" class=\"akismet-fields-container\" data-prefix=\"_wpcf7_ak_\"><label>&#916;<textarea name=\"_wpcf7_ak_hp_textarea\" cols=\"45\" rows=\"8\" maxlength=\"100\"><\/textarea><\/label><input type=\"hidden\" id=\"ak_js_1\" name=\"_wpcf7_ak_js\" value=\"232\"\/><script>\ndocument.getElementById( \"ak_js_1\" ).setAttribute( \"value\", ( new Date() ).getTime() );\n<\/script>\n<\/p><div class=\"wpcf7-response-output\" aria-hidden=\"true\"><\/div>\n<\/form>\n<\/div>\n<\/div>\n            <\/div>\t\t\t\t<\/div>\n\t\t\t\t<div class=\"elementor-element elementor-element-7c9a715 elementor-widget elementor-widget-shortcode\" data-id=\"7c9a715\" data-element_type=\"widget\" data-e-type=\"widget\" data-widget_type=\"shortcode.default\">\n\t\t\t\t\t\t\t<div class=\"elementor-shortcode\"><!-- HFCM by 99 Robots - Snippet # 4: GTM tag - PromoSapiens -->\n<!-- Google tag (gtag.js) -->\r\n<script async src=\"https:\/\/www.googletagmanager.com\/gtag\/js?id=G-6E1BGED3ZB\"><\/script>\r\n<script>\r\n  window.dataLayer = window.dataLayer || [];\r\n  function gtag(){dataLayer.push(arguments);}\r\n  gtag('js', new Date());\r\n\r\n  gtag('config', 'G-6E1BGED3ZB');\r\n<\/script>\n<!-- \/end HFCM by 99 Robots -->\n\n<!-- HFCM by 99 Robots - Snippet # 3: GTM tag - PromoSapiens Body -->\n<!-- Google Tag Manager (noscript) -->\r\n<noscript><iframe src=\"https:\/\/www.googletagmanager.com\/ns.html?id=GTM-TK6HTPPK\"\r\nheight=\"0\" width=\"0\" style=\"display:none;visibility:hidden\"><\/iframe><\/noscript>\r\n<!-- End Google Tag Manager (noscript) -->\n<!-- \/end HFCM by 99 Robots -->\n\n<!-- HFCM by 99 Robots - Snippet # 2: Facebook pixel - Promo Sapiens -->\n<!-- Meta Pixel Code -->\r\n<script>\r\n!function(f,b,e,v,n,t,s)\r\n{if(f.fbq)return;n=f.fbq=function(){n.callMethod?\r\nn.callMethod.apply(n,arguments):n.queue.push(arguments)};\r\nif(!f._fbq)f._fbq=n;n.push=n;n.loaded=!0;n.version='2.0';\r\nn.queue=[];t=b.createElement(e);t.async=!0;\r\nt.src=v;s=b.getElementsByTagName(e)[0];\r\ns.parentNode.insertBefore(t,s)}(window, document,'script',\r\n'https:\/\/connect.facebook.net\/en_US\/fbevents.js');\r\nfbq('init', '1282832943159286');\r\nfbq('track', 'PageView');\r\n<\/script>\r\n<noscript><img height=\"1\" width=\"1\" style=\"display:none\"\r\nsrc=\"https:\/\/www.facebook.com\/tr?id=1282832943159286&ev=PageView&noscript=1\"\r\n\/><\/noscript>\r\n<!-- End Meta Pixel Code -->\n<!-- \/end HFCM by 99 Robots -->\n<\/div>\n\t\t\t\t\t\t<\/div>\n\t\t\t\t\t<\/div>\n\t\t<\/div>\n\t\t\t\t\t<\/div>\n\t\t<\/section>\n\t\t\t\t<\/div>\n\t\t","protected":false},"excerpt":{"rendered":"<p>Kontaktujte n\u00e1\u0161 fran\u0161\u00edzov\u00fd t\u00edm Bez z\u00e1v\u00e4zkov, bez tlaku! Po odoslan\u00ed formul\u00e1ra v\u00e1s n\u00e1\u0161 t\u00edm \u010do najsk\u00f4r kontaktuje, aby si dohodol kr\u00e1tky \u00favodn\u00fd hovor a pomohol v\u00e1m zisti\u0165, \u010di je pre v\u00e1s Koykan tou spr\u00e1vnou vo\u013ebou. Cel\u00e9 meno * E-mail * Telef\u00f3nne \u010d\u00edslo * Krajina, o ktor\u00fa m\u00e1te z\u00e1ujem * &#8212;Please choose an option&#8212;Chorv\u00e1tskoSlovinskoRak\u00faskoNemeckoTalianskoMa\u010farskoSrbskoBosna a Hercegovina\u010cierna [&hellip;]<\/p>\n","protected":false},"author":1,"featured_media":0,"parent":0,"menu_order":0,"comment_status":"closed","ping_status":"closed","template":"","meta":{"site-sidebar-layout":"no-sidebar","site-content-layout":"","ast-site-content-layout":"full-width-container","site-content-style":"default","site-sidebar-style":"default","ast-global-header-display":"","ast-banner-title-visibility":"","ast-main-header-display":"","ast-hfb-above-header-display":"","ast-hfb-below-header-display":"","ast-hfb-mobile-header-display":"","site-post-title":"","ast-breadcrumbs-content":"","ast-featured-img":"disabled","footer-sml-layout":"","theme-transparent-header-meta":"","adv-header-id-meta":"","stick-header-meta":"","header-above-stick-meta":"","header-main-stick-meta":"","header-below-stick-meta":"","astra-migrate-meta-layouts":"default","ast-page-background-enabled":"default","ast-page-background-meta":{"desktop":{"background-color":"var(--ast-global-color-5)","background-image":"","background-repeat":"repeat","background-position":"center center","background-size":"auto","background-attachment":"scroll","background-type":"","background-media":"","overlay-type":"","overlay-color":"","overlay-opacity":"","overlay-gradient":""},"tablet":{"background-color":"","background-image":"","background-repeat":"repeat","background-position":"center center","background-size":"auto","background-attachment":"scroll","background-type":"","background-media":"","overlay-type":"","overlay-color":"","overlay-opacity":"","overlay-gradient":""},"mobile":{"background-color":"","background-image":"","background-repeat":"repeat","background-position":"center center","background-size":"auto","background-attachment":"scroll","background-type":"","background-media":"","overlay-type":"","overlay-color":"","overlay-opacity":"","overlay-gradient":""}},"ast-content-background-meta":{"desktop":{"background-color":"var(--ast-global-color-4)","background-image":"","background-repeat":"repeat","background-position":"center center","background-size":"auto","background-attachment":"scroll","background-type":"","background-media":"","overlay-type":"","overlay-color":"","overlay-opacity":"","overlay-gradient":""},"tablet":{"background-color":"var(--ast-global-color-4)","background-image":"","background-repeat":"repeat","background-position":"center center","background-size":"auto","background-attachment":"scroll","background-type":"","background-media":"","overlay-type":"","overlay-color":"","overlay-opacity":"","overlay-gradient":""},"mobile":{"background-color":"var(--ast-global-color-4)","background-image":"","background-repeat":"repeat","background-position":"center center","background-size":"auto","background-attachment":"scroll","background-type":"","background-media":"","overlay-type":"","overlay-color":"","overlay-opacity":"","overlay-gradient":""}},"footnotes":""},"class_list":["post-4534","page","type-page","status-publish","hentry"],"_links":{"self":[{"href":"https:\/\/koykan.com\/hr\/wp-json\/wp\/v2\/pages\/4534","targetHints":{"allow":["GET"]}}],"collection":[{"href":"https:\/\/koykan.com\/hr\/wp-json\/wp\/v2\/pages"}],"about":[{"href":"https:\/\/koykan.com\/hr\/wp-json\/wp\/v2\/types\/page"}],"author":[{"embeddable":true,"href":"https:\/\/koykan.com\/hr\/wp-json\/wp\/v2\/users\/1"}],"replies":[{"embeddable":true,"href":"https:\/\/koykan.com\/hr\/wp-json\/wp\/v2\/comments?post=4534"}],"version-history":[{"count":10,"href":"https:\/\/koykan.com\/hr\/wp-json\/wp\/v2\/pages\/4534\/revisions"}],"predecessor-version":[{"id":5021,"href":"https:\/\/koykan.com\/hr\/wp-json\/wp\/v2\/pages\/4534\/revisions\/5021"}],"wp:attachment":[{"href":"https:\/\/koykan.com\/hr\/wp-json\/wp\/v2\/media?parent=4534"}],"curies":[{"name":"wp","href":"https:\/\/api.w.org\/{rel}","templated":true}]}}